{"id":15020,"date":"2017-04-17T02:21:32","date_gmt":"2017-04-17T00:21:32","guid":{"rendered":"http:\/\/www.jochenschorer.de\/?page_id=15020"},"modified":"2017-07-24T09:43:05","modified_gmt":"2017-07-24T07:43:05","slug":"home","status":"publish","type":"page","link":"https:\/\/www.jochenschorer.de\/","title":{"rendered":"Home"},"content":{"rendered":"<div class=\"wpb-content-wrapper\"><p>[vc_row 0=&#8221;&#8221;][vc_column 0=&#8221;&#8221;][vc_column_text 0=&#8221;&#8221;]\n\t\t\t<!-- START home REVOLUTION SLIDER 6.7.29 --><p class=\"rs-p-wp-fix\"><\/p>\n\t\t\t<rs-module-wrap id=\"rev_slider_2_1_wrapper\" data-source=\"gallery\" style=\"visibility:hidden;background:transparent;padding:0;margin:0px auto;margin-top:0;margin-bottom:0;\">\n\t\t\t\t<rs-module id=\"rev_slider_2_1\" style=\"\" data-version=\"6.7.29\">\n\t\t\t\t\t<rs-slides style=\"overflow: hidden; position: absolute;\">\n\t\t\t\t\t\t<rs-slide style=\"position: absolute;\" data-key=\"rs-3\" data-title=\"Slide\" data-anim=\"adpr:false;\">\n\t\t\t\t\t\t\t<img decoding=\"async\" src=\"\/\/www.jochenschorer.de\/wp-content\/plugins\/revslider\/sr6\/assets\/assets\/dummy.png\" alt=\"\" title=\"Home\" class=\"rev-slidebg tp-rs-img rs-lazyload\" data-lazyload=\"\/\/www.jochenschorer.de\/wp-content\/uploads\/2017\/04\/slider600.jpg\" data-parallax=\"15\" data-no-retina>\n<!--\n\t\t\t\t\t\t\t--><rs-layer\n\t\t\t\t\t\t\t\tid=\"slider-2-slide-3-layer-17\" \n\t\t\t\t\t\t\t\tdata-type=\"text\"\n\t\t\t\t\t\t\t\tdata-color=\"#ffffff\"\n\t\t\t\t\t\t\t\tdata-rsp_ch=\"on\"\n\t\t\t\t\t\t\t\tdata-xy=\"x:c;y:c;yo:-156px;\"\n\t\t\t\t\t\t\t\tdata-text=\"s:80;l:22;a:inherit;\"\n\t\t\t\t\t\t\t\tdata-frame_0=\"sX:0.9;sY:0.9;tp:600;\"\n\t\t\t\t\t\t\t\tdata-frame_1=\"tp:600;st:480;sp:1000;sR:480;\"\n\t\t\t\t\t\t\t\tdata-frame_999=\"o:0;tp:600;st:w;sR:7520;\"\n\t\t\t\t\t\t\t\tstyle=\"z-index:5;font-family:'Roboto';\"\n\t\t\t\t\t\t\t>JOCHEN SCHORER \n\t\t\t\t\t\t\t<\/rs-layer><!--\n\n\t\t\t\t\t\t\t--><rs-layer\n\t\t\t\t\t\t\t\tid=\"slider-2-slide-3-layer-18\" \n\t\t\t\t\t\t\t\tdata-type=\"text\"\n\t\t\t\t\t\t\t\tdata-color=\"#ffffff\"\n\t\t\t\t\t\t\t\tdata-rsp_ch=\"on\"\n\t\t\t\t\t\t\t\tdata-xy=\"x:c;y:262px;\"\n\t\t\t\t\t\t\t\tdata-text=\"s:24;l:22;a:inherit;\"\n\t\t\t\t\t\t\t\tdata-frame_0=\"sX:0.9;sY:0.9;tp:600;\"\n\t\t\t\t\t\t\t\tdata-frame_1=\"tp:600;st:1130;sp:1000;sR:1130;\"\n\t\t\t\t\t\t\t\tdata-frame_999=\"o:0;tp:600;st:w;sR:6870;\"\n\t\t\t\t\t\t\t\tstyle=\"z-index:6;font-family:'Open Sans';\"\n\t\t\t\t\t\t\t>SWR SYMPHONIEORCHESTER \n\t\t\t\t\t\t\t<\/rs-layer><!--\n\n\t\t\t\t\t\t\t--><rs-layer\n\t\t\t\t\t\t\t\tid=\"slider-2-slide-3-layer-19\" \n\t\t\t\t\t\t\t\tdata-type=\"text\"\n\t\t\t\t\t\t\t\tdata-color=\"#ffffff\"\n\t\t\t\t\t\t\t\tdata-rsp_ch=\"on\"\n\t\t\t\t\t\t\t\tdata-xy=\"x:c;xo:-2px;y:343px;\"\n\t\t\t\t\t\t\t\tdata-text=\"s:24;l:22;a:inherit;\"\n\t\t\t\t\t\t\t\tdata-frame_0=\"sX:0.9;sY:0.9;tp:600;\"\n\t\t\t\t\t\t\t\tdata-frame_1=\"tp:600;st:1760;sp:1000;sR:1760;\"\n\t\t\t\t\t\t\t\tdata-frame_999=\"o:0;tp:600;st:w;sR:6240;\"\n\t\t\t\t\t\t\t\tstyle=\"z-index:7;font-family:'Open Sans';\"\n\t\t\t\t\t\t\t>HOCHSCHULE DER K\u00dcNSTE BERN \n\t\t\t\t\t\t\t<\/rs-layer><!--\n\n\t\t\t\t\t\t\t--><rs-layer\n\t\t\t\t\t\t\t\tid=\"slider-2-slide-3-layer-21\" \n\t\t\t\t\t\t\t\tclass=\"rev-btn rev-hiddenicon\"\n\t\t\t\t\t\t\t\tdata-type=\"button\"\n\t\t\t\t\t\t\t\tdata-color=\"#000000\"\n\t\t\t\t\t\t\t\tdata-xy=\"x:c;y:450px;\"\n\t\t\t\t\t\t\t\tdata-text=\"s:14;l:14;fw:900;a:inherit;\"\n\t\t\t\t\t\t\t\tdata-rsp_bd=\"off\"\n\t\t\t\t\t\t\t\tdata-padding=\"t:10;r:30;b:10;l:30;\"\n\t\t\t\t\t\t\t\tdata-border=\"bor:30px,30px,30px,30px;\"\n\t\t\t\t\t\t\t\tdata-frame_0=\"sX:0.9;sY:0.9;tp:600;\"\n\t\t\t\t\t\t\t\tdata-frame_1=\"tp:600;st:2390;sp:1000;sR:2390;\"\n\t\t\t\t\t\t\t\tdata-frame_999=\"o:0;tp:600;st:w;sR:5610;\"\n\t\t\t\t\t\t\t\tdata-frame_hover=\"c:#000;bgc:#fff;boc:#000;bor:30px,30px,30px,30px;bos:solid;oX:50;oY:50;sp:0;e:none;\"\n\t\t\t\t\t\t\t\tstyle=\"z-index:9;background-color:rgba(255,255,255,0.75);font-family:'Roboto';cursor:pointer;outline:none;box-shadow:none;box-sizing:border-box;-moz-box-sizing:border-box;-webkit-box-sizing:border-box;text-transform:uppercase;letter-spacing:1px;\"\n\t\t\t\t\t\t\t>\n<a href=\"https:\/\/www.jochenschorer.de\/index.php\/kontakt\/\">Contact Me<\/a>\n <i class=\"fa-chevron-right\"><\/i>\n \n\t\t\t\t\t\t\t<\/rs-layer><!--\n-->\t\t\t\t\t<\/rs-slide>\n\t\t\t\t\t<\/rs-slides>\n\t\t\t\t<\/rs-module>\n\t\t\t\t<script>\n\t\t\t\t\tsetREVStartSize({c: 'rev_slider_2_1',rl:[1240,1024,778,480],el:[],gw:[1400],gh:[550],type:'hero',justify:'',layout:'fullwidth',mh:\"0\"});if (window.RS_MODULES!==undefined && window.RS_MODULES.modules!==undefined && window.RS_MODULES.modules[\"revslider21\"]!==undefined) {window.RS_MODULES.modules[\"revslider21\"].once = false;window.revapi2 = undefined;if (window.RS_MODULES.checkMinimal!==undefined) window.RS_MODULES.checkMinimal()}\n\t\t\t\t<\/script>\n\t\t\t<\/rs-module-wrap>\n\t\t\t<!-- END REVOLUTION SLIDER -->\n[\/vc_column_text][\/vc_column][\/vc_row][vc_row 0=&#8221;&#8221;][vc_column 0=&#8221;&#8221;][vc_empty_space height=&#8221;100px&#8221;][\/vc_column][\/vc_row][vc_row 0=&#8221;&#8221;][vc_column 0=&#8221;&#8221;][vc_custom_heading text=&#8221;Jochen Schorer&#8221; font_container=&#8221;tag:h1|text_align:center&#8221; google_fonts=&#8221;font_family:Roboto%3A100%2C100italic%2C300%2C300italic%2Cregular%2Citalic%2C500%2C500italic%2C700%2C700italic%2C900%2C900italic|font_style:400%20regular%3A400%3Anormal&#8221;][vc_separator color=&#8221;black&#8221; border_width=&#8221;3&#8243; el_width=&#8221;50&#8243; css=&#8221;.vc_custom_1492551260759{padding-top: 20px !important;padding-bottom: 20px !important;}&#8221;][vc_column_text 0=&#8221;&#8221;]<\/p>\n<div style=\"text-align: center;\" data-canvas-width=\"810.7396715044373\">Seit 1999 ist Jochen Schorer 1. Schlagzeuger beim SWR Symphonieorchester.<\/div>\n<div style=\"text-align: center;\" data-canvas-width=\"810.7396715044373\">Als Solist trat er mit verschiedenen Orchestern in ganz Deutschland auf.<\/div>\n<div style=\"text-align: center;\" data-canvas-width=\"810.7396715044373\">Als Kammermusiker ist er gefragter Partner in unterschiedlichen Besetzungen und Formationen.<\/div>\n<div style=\"text-align: center;\" data-canvas-width=\"810.7396715044373\">Neben seiner Konzertt\u00e4tigkeit ist Jochen Schorer Professor f\u00fcr Schlagzeug<\/div>\n<div style=\"text-align: center;\" data-canvas-width=\"810.7396715044373\">an der Hochschule f\u00fcr Musik N\u00fcrnberg und Dozent an der Hochschule der K\u00fcnste Bern.<\/div>\n<p>[\/vc_column_text][vc_empty_space height=&#8221;100px&#8221;][\/vc_column][\/vc_row][vc_row 0=&#8221;&#8221;][vc_column 0=&#8221;&#8221;][\/vc_column][\/vc_row][vc_row 0=&#8221;&#8221;][vc_column 0=&#8221;&#8221;][vc_empty_space height=&#8221;100px&#8221;][\/vc_column][\/vc_row][vc_row type=&#8221;vc_default&#8221; gap=&#8221;15&#8243; bg_type=&#8221;bg_color&#8221; bg_override=&#8221;full&#8221; fadeout_row=&#8221;fadeout_row_value&#8221; css=&#8221;.vc_custom_1496959829477{padding-top: 20px !important;padding-bottom: 20px !important;background-color: #ffffff !important;}&#8221; bg_color_value=&#8221;#eaeaea&#8221;][vc_column width=&#8221;1\/3&#8243;][vc_single_image image=&#8221;15264&#8243; img_size=&#8221;400&#215;400&#8243; onclick=&#8221;custom_link&#8221; link=&#8221;https:\/\/www.jochenschorer.de\/index.php\/videos\/&#8221;][\/vc_column][vc_column width=&#8221;1\/3&#8243; css=&#8221;.vc_custom_1492552978548{margin-right: 0px !important;margin-left: 0px !important;}&#8221;][vc_single_image image=&#8221;15261&#8243; img_size=&#8221;400&#215;400&#8243; onclick=&#8221;custom_link&#8221; link=&#8221;https:\/\/www.jochenschorer.de\/index.php\/audios\/&#8221;][\/vc_column][vc_column width=&#8221;1\/3&#8243;][vc_single_image image=&#8221;15262&#8243; img_size=&#8221;400&#215;400&#8243; onclick=&#8221;custom_link&#8221; link=&#8221;https:\/\/www.jochenschorer.de\/index.php\/projekte\/&#8221;][\/vc_column][\/vc_row][vc_row type=&#8221;vc_default&#8221; gap=&#8221;15&#8243; bg_type=&#8221;bg_color&#8221; bg_override=&#8221;full&#8221; bg_color_value=&#8221;#eaeaea&#8221; css=&#8221;.vc_custom_1496959839331{padding-bottom: 20px !important;}&#8221;][vc_column width=&#8221;2\/3&#8243;][vc_single_image image=&#8221;15263&#8243; img_size=&#8221;800&#215;385&#8243; onclick=&#8221;custom_link&#8221; link=&#8221;https:\/\/www.jochenschorer.de\/index.php\/aboutme\/&#8221;][\/vc_column][vc_column width=&#8221;1\/3&#8243;][vc_single_image image=&#8221;15260&#8243; img_size=&#8221;400&#215;400&#8243; onclick=&#8221;custom_link&#8221; link=&#8221;https:\/\/www.jochenschorer.de\/index.php\/kontakt\/&#8221;][\/vc_column][\/vc_row]<\/p>\n<\/div>","protected":false},"excerpt":{"rendered":"<p>[vc_row 0=&#8221;&#8221;][vc_column 0=&#8221;&#8221;][vc_column_text 0=&#8221;&#8221;][\/vc_column_text][\/vc_column][\/vc_row][vc_row 0=&#8221;&#8221;][vc_column 0=&#8221;&#8221;][vc_empty_space height=&#8221;100px&#8221;][\/vc_column][\/vc_row][vc_row 0=&#8221;&#8221;][vc_column 0=&#8221;&#8221;][vc_custom_heading text=&#8221;Jochen Schorer&#8221; font_container=&#8221;tag:h1|text_align:center&#8221; google_fonts=&#8221;font_family:Roboto%3A100%2C100italic%2C300%2C300italic%2Cregular%2Citalic%2C500%2C500italic%2C700%2C700italic%2C900%2C900italic|font_style:400%20regular%3A400%3Anormal&#8221;][vc_separator color=&#8221;black&#8221; border_width=&#8221;3&#8243; el_width=&#8221;50&#8243; css=&#8221;.vc_custom_1492551260759{padding-top: 20px !important;padding-bottom: 20px !important;}&#8221;][vc_column_text 0=&#8221;&#8221;] Seit 1999 ist Jochen Schorer 1. Schlagzeuger beim SWR Symphonieorchester. Als Solist trat er mit verschiedenen Orchestern in ganz Deutschland auf. Als Kammermusiker ist er gefragter Partner in unterschiedlichen Besetzungen und Formationen. Neben&hellip;<\/p>\n","protected":false},"author":2,"featured_media":0,"parent":0,"menu_order":0,"comment_status":"closed","ping_status":"closed","template":"","meta":{"footnotes":""},"class_list":["post-15020","page","type-page","status-publish","hentry","description-off"],"_links":{"self":[{"href":"https:\/\/www.jochenschorer.de\/index.php\/wp-json\/wp\/v2\/pages\/15020","targetHints":{"allow":["GET"]}}],"collection":[{"href":"https:\/\/www.jochenschorer.de\/index.php\/wp-json\/wp\/v2\/pages"}],"about":[{"href":"https:\/\/www.jochenschorer.de\/index.php\/wp-json\/wp\/v2\/types\/page"}],"author":[{"embeddable":true,"href":"https:\/\/www.jochenschorer.de\/index.php\/wp-json\/wp\/v2\/users\/2"}],"replies":[{"embeddable":true,"href":"https:\/\/www.jochenschorer.de\/index.php\/wp-json\/wp\/v2\/comments?post=15020"}],"version-history":[{"count":55,"href":"https:\/\/www.jochenschorer.de\/index.php\/wp-json\/wp\/v2\/pages\/15020\/revisions"}],"predecessor-version":[{"id":15323,"href":"https:\/\/www.jochenschorer.de\/index.php\/wp-json\/wp\/v2\/pages\/15020\/revisions\/15323"}],"wp:attachment":[{"href":"https:\/\/www.jochenschorer.de\/index.php\/wp-json\/wp\/v2\/media?parent=15020"}],"curies":[{"name":"wp","href":"https:\/\/api.w.org\/{rel}","templated":true}]}}